{"id":1850,"date":"2022-11-15T18:44:30","date_gmt":"2022-11-15T18:44:30","guid":{"rendered":"https:\/\/yeguasyescaleras.cl\/?post_type=product&#038;p=1850"},"modified":"2024-10-07T19:59:19","modified_gmt":"2024-10-07T19:59:19","slug":"escalera-tipo-avion-de-2-0-mts","status":"publish","type":"product","link":"https:\/\/yeguasyescaleras.cl\/index.php\/producto\/escalera-tipo-avion-de-2-0-mts\/","title":{"rendered":"Escalera tipo avi\u00f3n de 2.0 mts"},"content":{"rendered":"<p>Escalera tipo avi\u00f3n de 2,0 mt a la base o plataforma.<\/p>\n<p>Fabricada en tubo de acero 1\u2033x2 mm de espesor.<\/p>\n<ul>\n<li><strong>Alto total (hasta la baranda):<\/strong> 2,90 mt<\/li>\n<li><strong>Alto hasta la plataforma\/base:<\/strong> 2,0 mt<\/li>\n<li><strong>Largo:<\/strong> 1,75 mt<\/li>\n<li><strong>Ancho delantero:<\/strong> 70 cm<\/li>\n<li><strong>Ancho Trasero:<\/strong> 90 cm<\/li>\n<li><strong>Dimensi\u00f3n base:<\/strong> 65\u00d750 cm<\/li>\n<li><strong>Dimensi\u00f3n baranda de seguridad:<\/strong> 90 cm<\/li>\n<li><strong>Cantidad de pelda\u00f1os:\u00a0 <\/strong>7 pelda\u00f1os antideslizantes de 65\u00d717,5 cm. M\u00e1s una plataforma.<\/li>\n<li><strong>Ruedas:<\/strong>\n<ul>\n<li>2 ruedas traseras fijas 5\u2033<\/li>\n<li>2 ruedas delanteras giratorias con freno 5\u2033<\/li>\n<\/ul>\n<\/li>\n<li><strong><em>Pintura:\u00a0 <\/em><\/strong>Gris aluminio (posibilidad de otros colores)<\/li>\n<\/ul>\n","protected":false},"excerpt":{"rendered":"<p>Escalera tipo avi\u00f3n de 2,0 mt a la base o plataforma. Fabricada en tubo de acero 1\u2033x2 mm de espesor. Alto total (hasta la baranda): 2,90 mt Alto hasta la plataforma\/base: 2,0 mt Largo: 1,75 mt Ancho delantero: 70 cm Ancho Trasero: 90 cm Dimensi\u00f3n base: 65\u00d750 cm Dimensi\u00f3n baranda de seguridad: 90 cm Cantidad [&hellip;]<\/p>\n","protected":false},"featured_media":2180,"comment_status":"closed","ping_status":"closed","template":"","meta":{"_monsterinsights_skip_tracking":false,"_monsterinsights_sitenote_active":false,"_monsterinsights_sitenote_note":"","_monsterinsights_sitenote_category":0},"product_brand":[],"product_cat":[140],"product_tag":[],"class_list":{"0":"post-1850","1":"product","2":"type-product","3":"status-publish","4":"has-post-thumbnail","6":"product_cat-escaleras-tipo-avion","8":"first","9":"instock","10":"taxable","11":"shipping-taxable","12":"purchasable","13":"product-type-simple"},"_links":{"self":[{"href":"https:\/\/yeguasyescaleras.cl\/index.php\/wp-json\/wp\/v2\/product\/1850","targetHints":{"allow":["GET"]}}],"collection":[{"href":"https:\/\/yeguasyescaleras.cl\/index.php\/wp-json\/wp\/v2\/product"}],"about":[{"href":"https:\/\/yeguasyescaleras.cl\/index.php\/wp-json\/wp\/v2\/types\/product"}],"replies":[{"embeddable":true,"href":"https:\/\/yeguasyescaleras.cl\/index.php\/wp-json\/wp\/v2\/comments?post=1850"}],"version-history":[{"count":4,"href":"https:\/\/yeguasyescaleras.cl\/index.php\/wp-json\/wp\/v2\/product\/1850\/revisions"}],"predecessor-version":[{"id":2182,"href":"https:\/\/yeguasyescaleras.cl\/index.php\/wp-json\/wp\/v2\/product\/1850\/revisions\/2182"}],"wp:featuredmedia":[{"embeddable":true,"href":"https:\/\/yeguasyescaleras.cl\/index.php\/wp-json\/wp\/v2\/media\/2180"}],"wp:attachment":[{"href":"https:\/\/yeguasyescaleras.cl\/index.php\/wp-json\/wp\/v2\/media?parent=1850"}],"wp:term":[{"taxonomy":"product_brand","embeddable":true,"href":"https:\/\/yeguasyescaleras.cl\/index.php\/wp-json\/wp\/v2\/product_brand?post=1850"},{"taxonomy":"product_cat","embeddable":true,"href":"https:\/\/yeguasyescaleras.cl\/index.php\/wp-json\/wp\/v2\/product_cat?post=1850"},{"taxonomy":"product_tag","embeddable":true,"href":"https:\/\/yeguasyescaleras.cl\/index.php\/wp-json\/wp\/v2\/product_tag?post=1850"}],"curies":[{"name":"wp","href":"https:\/\/api.w.org\/{rel}","templated":true}]}}