{"id":1838,"date":"2022-11-14T22:50:31","date_gmt":"2022-11-14T22:50:31","guid":{"rendered":"https:\/\/yeguasyescaleras.cl\/?page_id=1838"},"modified":"2023-03-21T18:14:08","modified_gmt":"2023-03-21T18:14:08","slug":"la-empresa","status":"publish","type":"page","link":"https:\/\/yeguasyescaleras.cl\/index.php\/la-empresa\/","title":{"rendered":"La Empresa"},"content":{"rendered":"\t\t<div data-elementor-type=\"wp-page\" data-elementor-id=\"1838\" class=\"elementor elementor-1838\" data-elementor-post-type=\"page\">\n\t\t\t\t\t\t<section class=\"elementor-section elementor-top-section elementor-element elementor-element-c7ae10d elementor-section-boxed elementor-section-height-default elementor-section-height-default\" data-id=\"c7ae10d\" data-element_type=\"section\" data-e-type=\"section\" data-settings=\"{&quot;jet_parallax_layout_list&quot;:[{&quot;jet_parallax_layout_image&quot;:{&quot;url&quot;:&quot;&quot;,&quot;id&quot;:&quot;&quot;,&quot;size&quot;:&quot;&quot;},&quot;_id&quot;:&quot;7c49c1d&quot;,&quot;jet_parallax_layout_image_tablet&quot;:{&quot;url&quot;:&quot;&quot;,&quot;id&quot;:&quot;&quot;,&quot;size&quot;:&quot;&quot;},&quot;jet_parallax_layout_image_mobile&quot;:{&quot;url&quot;:&quot;&quot;,&quot;id&quot;:&quot;&quot;,&quot;size&quot;:&quot;&quot;},&quot;jet_parallax_layout_speed&quot;:{&quot;unit&quot;:&quot;%&quot;,&quot;size&quot;:50,&quot;sizes&quot;:[]},&quot;jet_parallax_layout_type&quot;:&quot;scroll&quot;,&quot;jet_parallax_layout_direction&quot;:null,&quot;jet_parallax_layout_fx_direction&quot;:null,&quot;jet_parallax_layout_z_index&quot;:&quot;&quot;,&quot;jet_parallax_layout_bg_x&quot;:50,&quot;jet_parallax_layout_bg_x_tablet&quot;:&quot;&quot;,&quot;jet_parallax_layout_bg_x_mobile&quot;:&quot;&quot;,&quot;jet_parallax_layout_bg_y&quot;:50,&quot;jet_parallax_layout_bg_y_tablet&quot;:&quot;&quot;,&quot;jet_parallax_layout_bg_y_mobile&quot;:&quot;&quot;,&quot;jet_parallax_layout_bg_size&quot;:&quot;auto&quot;,&quot;jet_parallax_layout_bg_size_tablet&quot;:&quot;&quot;,&quot;jet_parallax_layout_bg_size_mobile&quot;:&quot;&quot;,&quot;jet_parallax_layout_animation_prop&quot;:&quot;transform&quot;,&quot;jet_parallax_layout_on&quot;:[&quot;desktop&quot;,&quot;tablet&quot;]}]}\">\n\t\t\t\t\t\t<div class=\"elementor-container elementor-column-gap-wider\">\n\t\t\t\t\t<div class=\"elementor-column elementor-col-50 elementor-top-column elementor-element elementor-element-5e1aeda\" data-id=\"5e1aeda\" data-element_type=\"column\" data-e-type=\"column\">\n\t\t\t<div class=\"elementor-widget-wrap elementor-element-populated\">\n\t\t\t\t\t\t<div class=\"elementor-element elementor-element-2ab0296 elementor-widget elementor-widget-heading\" data-id=\"2ab0296\" data-element_type=\"widget\" data-e-type=\"widget\" data-widget_type=\"heading.default\">\n\t\t\t\t<div class=\"elementor-widget-container\">\n\t\t\t\t\t<h2 class=\"elementor-heading-title elementor-size-default\">La diferencia de<\/h2>\t\t\t\t<\/div>\n\t\t\t\t<\/div>\n\t\t\t\t<div class=\"elementor-element elementor-element-ccc7717 elementor-widget elementor-widget-heading\" data-id=\"ccc7717\" data-element_type=\"widget\" data-e-type=\"widget\" data-widget_type=\"heading.default\">\n\t\t\t\t<div class=\"elementor-widget-container\">\n\t\t\t\t\t<h2 class=\"elementor-heading-title elementor-size-xxl\">Yeguas<a style=\"color:black\">&amp;<\/a>Escaleras<\/h2>\t\t\t\t<\/div>\n\t\t\t\t<\/div>\n\t\t\t\t<div class=\"elementor-element elementor-element-29d6559 elementor-widget elementor-widget-text-editor\" data-id=\"29d6559\" data-element_type=\"widget\" data-e-type=\"widget\" data-widget_type=\"text-editor.default\">\n\t\t\t\t<div class=\"elementor-widget-container\">\n\t\t\t\t\t\t\t\t\t<p>Ofrecemos una amplia gama de escaleras, estructuras met\u00e1licas y transporte manual de cargas para que siempre encuentres lo que buscas.<\/p><p>Contamos con m\u00e1s de 10 a\u00f1os de experiencia en el mercado, y con una reconocida calidad en nuestros productos, nos permite orgullosamente ofrecer una amplia gama de productos para distintas aplicaciones. Fabricamos equipos de transporte manual, escaleras y otros proyectos en metal. Adem\u00e1s de contar con maestros expertos que le pueden ayudar a encontrar lo que necesita.<\/p>\t\t\t\t\t\t\t\t<\/div>\n\t\t\t\t<\/div>\n\t\t\t\t\t<\/div>\n\t\t<\/div>\n\t\t\t\t<div class=\"elementor-column elementor-col-50 elementor-top-column elementor-element elementor-element-9695b6e\" data-id=\"9695b6e\" data-element_type=\"column\" data-e-type=\"column\">\n\t\t\t<div class=\"elementor-widget-wrap elementor-element-populated\">\n\t\t\t\t\t\t<div class=\"elementor-element elementor-element-2c93eb2 elementor-widget elementor-widget-image\" data-id=\"2c93eb2\" data-element_type=\"widget\" data-e-type=\"widget\" data-widget_type=\"image.default\">\n\t\t\t\t<div class=\"elementor-widget-container\">\n\t\t\t\t\t\t\t\t\t\t\t\t\t\t\t<img fetchpriority=\"high\" decoding=\"async\" width=\"800\" height=\"800\" src=\"https:\/\/yeguasyescaleras.cl\/wp-content\/uploads\/2022\/11\/IMG_INI.jpg\" class=\"attachment-large size-large wp-image-1893\" alt=\"\" srcset=\"https:\/\/yeguasyescaleras.cl\/wp-content\/uploads\/2022\/11\/IMG_INI.jpg 1000w, https:\/\/yeguasyescaleras.cl\/wp-content\/uploads\/2022\/11\/IMG_INI-300x300.jpg 300w, https:\/\/yeguasyescaleras.cl\/wp-content\/uploads\/2022\/11\/IMG_INI-150x150.jpg 150w, https:\/\/yeguasyescaleras.cl\/wp-content\/uploads\/2022\/11\/IMG_INI-768x768.jpg 768w, https:\/\/yeguasyescaleras.cl\/wp-content\/uploads\/2022\/11\/IMG_INI-600x600.jpg 600w, https:\/\/yeguasyescaleras.cl\/wp-content\/uploads\/2022\/11\/IMG_INI-100x100.jpg 100w\" sizes=\"(max-width: 800px) 100vw, 800px\" \/>\t\t\t\t\t\t\t\t\t\t\t\t\t\t\t<\/div>\n\t\t\t\t<\/div>\n\t\t\t\t\t<\/div>\n\t\t<\/div>\n\t\t\t\t\t<\/div>\n\t\t<\/section>\n\t\t\t\t<\/div>\n\t\t","protected":false},"excerpt":{"rendered":"<p>La diferencia de Yeguas&#038;Escaleras Ofrecemos una amplia gama de escaleras, estructuras met\u00e1licas y transporte manual de cargas para que siempre encuentres lo que buscas. Contamos con m\u00e1s de 10 a\u00f1os de experiencia en el mercado, y con una reconocida calidad en nuestros productos, nos permite orgullosamente ofrecer una amplia gama de productos para distintas aplicaciones. [&hellip;]<\/p>\n","protected":false},"author":2,"featured_media":1909,"parent":0,"menu_order":0,"comment_status":"closed","ping_status":"closed","template":"","meta":{"_monsterinsights_skip_tracking":false,"_monsterinsights_sitenote_active":false,"_monsterinsights_sitenote_note":"","_monsterinsights_sitenote_category":0,"footnotes":""},"class_list":["post-1838","page","type-page","status-publish","has-post-thumbnail","hentry"],"_links":{"self":[{"href":"https:\/\/yeguasyescaleras.cl\/index.php\/wp-json\/wp\/v2\/pages\/1838","targetHints":{"allow":["GET"]}}],"collection":[{"href":"https:\/\/yeguasyescaleras.cl\/index.php\/wp-json\/wp\/v2\/pages"}],"about":[{"href":"https:\/\/yeguasyescaleras.cl\/index.php\/wp-json\/wp\/v2\/types\/page"}],"author":[{"embeddable":true,"href":"https:\/\/yeguasyescaleras.cl\/index.php\/wp-json\/wp\/v2\/users\/2"}],"replies":[{"embeddable":true,"href":"https:\/\/yeguasyescaleras.cl\/index.php\/wp-json\/wp\/v2\/comments?post=1838"}],"version-history":[{"count":14,"href":"https:\/\/yeguasyescaleras.cl\/index.php\/wp-json\/wp\/v2\/pages\/1838\/revisions"}],"predecessor-version":[{"id":2160,"href":"https:\/\/yeguasyescaleras.cl\/index.php\/wp-json\/wp\/v2\/pages\/1838\/revisions\/2160"}],"wp:featuredmedia":[{"embeddable":true,"href":"https:\/\/yeguasyescaleras.cl\/index.php\/wp-json\/wp\/v2\/media\/1909"}],"wp:attachment":[{"href":"https:\/\/yeguasyescaleras.cl\/index.php\/wp-json\/wp\/v2\/media?parent=1838"}],"curies":[{"name":"wp","href":"https:\/\/api.w.org\/{rel}","templated":true}]}}